{"id":9555,"date":"2022-08-08T07:21:07","date_gmt":"2022-08-08T07:21:07","guid":{"rendered":"https:\/\/jonde.inaem.gob.es\/accesibilidad\/"},"modified":"2023-06-30T09:25:46","modified_gmt":"2023-06-30T09:25:46","slug":"accesibilidad","status":"publish","type":"page","link":"https:\/\/jonde.inaem.gob.es\/en\/accesibilidad\/","title":{"rendered":"Accesibilidad"},"content":{"rendered":"\t\t<div data-elementor-type=\"wp-page\" data-elementor-id=\"9555\" class=\"elementor elementor-9555 elementor-9023\">\n\t\t\t\t\t\t<section class=\"elementor-section elementor-top-section elementor-element elementor-element-7feada5 elementor-section-boxed elementor-section-height-default elementor-section-height-default qodef-elementor-content-no qodef-elementor-stretch-row-no qodef-elementor-overlay-no\" data-id=\"7feada5\" data-element_type=\"section\" data-e-type=\"section\">\n\t\t\t\t\t\t<div class=\"elementor-container elementor-column-gap-default\">\n\t\t\t\t\t<div class=\"elementor-column elementor-col-100 elementor-top-column elementor-element elementor-element-9df82d7\" data-id=\"9df82d7\" data-element_type=\"column\" data-e-type=\"column\">\n\t\t\t<div class=\"elementor-widget-wrap elementor-element-populated\">\n\t\t\t\t\t\t<div class=\"elementor-element elementor-element-72e5d72 elementor-widget elementor-widget-text-editor\" data-id=\"72e5d72\" data-element_type=\"widget\" data-e-type=\"widget\" data-widget_type=\"text-editor.default\">\n\t\t\t\t<div class=\"elementor-widget-container\">\n\t\t\t\t\t\t\t\t\t<p><span style=\"color: #000000;\"><strong>Pautas de accesibilidad seguidas en este sitio web<br \/><\/strong><\/span><br \/><span style=\"color: #000000;\">Se han tomado en consideraci\u00f3n las Pautas de Accesibilidad para el Contenido Web, <span style=\"text-decoration: underline;\"><a href=\"https:\/\/www.w3.org\/TR\/WCAG21\/\">WCAG<\/a><\/span>, en su versi\u00f3n 2.1, publicadas por la <span style=\"text-decoration: underline;\"><a style=\"color: #000000; text-decoration: underline;\" href=\"https:\/\/www.w3.org\/WAI\/\">WAI (Web Accessibility Initiative)<\/a><\/span>, iniciativa perteneciente al <span style=\"text-decoration: underline;\"><a href=\"https:\/\/www.w3.org\/\">W3C (World Wide Web Consortium)<\/a><\/span>.<\/span><\/p><p><span style=\"color: #000000;\">Se ha optimizado el contenido del sitio web para facilitar su lectura a trav\u00e9s de aplicaciones de lectura de pantalla (screen reader). <\/span><span style=\"color: #000000;\">Se ha seguido la especificaci\u00f3n <span style=\"text-decoration: underline;\"><a href=\"https:\/\/www.w3.org\/WAI\/standards-guidelines\/aria\/\">WAI-ARIA (Accessible Rich Internet Applications)<\/a><\/span>, que define una serie de pautas de estructura, etiquetado y roles para hacer el contenido web est\u00e1tico y din\u00e1mico m\u00e1s accesible para personas con discapacidades.<br \/><br \/><strong>Contenido no accesible<\/strong><br \/>Ratio de contraste insuficiente de los colores de fondo entre algunas im\u00e1genes y textos. Puede haber fallos puntuales de edici\u00f3n en alguna p\u00e1gina web, como anidamiento incorrecto de elementos, presencia de alg\u00fan enlace roto, p\u00e1rrafos sin el marcado correcto, o alg\u00fan salto en los niveles de encabezado.<br \/><br \/><strong>Observaciones y datos de contacto<\/strong><br \/>Puede realizar comunicaciones sobre requisitos de accesibilidad a trav\u00e9s de las siguientes v\u00edas:<br \/>Correo electr\u00f3nico: <span style=\"text-decoration: underline;\"><a href=\"mailto:jonde@inaem.cultura.gob.es\">jonde@inaem.cultura.gob.es<\/a><\/span><br \/>Tel\u00e9fono: 91 337 02 70 \/ 71<br \/><br \/><br \/><br \/><\/span><\/p>\t\t\t\t\t\t\t\t<\/div>\n\t\t\t\t<\/div>\n\t\t\t\t\t<\/div>\n\t\t<\/div>\n\t\t\t\t\t<\/div>\n\t\t<\/section>\n\t\t\t\t<\/div>\n\t\t","protected":false},"excerpt":{"rendered":"<p>Pautas de accesibilidad seguidas en este sitio webSe han tomado [&hellip;]<\/p>\n","protected":false},"author":1,"featured_media":0,"parent":0,"menu_order":0,"comment_status":"closed","ping_status":"closed","template":"","meta":{"footnotes":""},"class_list":["post-9555","page","type-page","status-publish","hentry"],"yoast_head":"<!-- This site is optimized with the Yoast SEO plugin v27.3 - https:\/\/yoast.com\/product\/yoast-seo-wordpress\/ -->\n<title>Accesibilidad - Jonde<\/title>\n<meta name=\"robots\" content=\"index, follow, max-snippet:-1, max-image-preview:large, max-video-preview:-1\" \/>\n<link rel=\"canonical\" href=\"https:\/\/jonde.inaem.gob.es\/en\/accesibilidad\/\" \/>\n<meta property=\"og:locale\" content=\"en_US\" \/>\n<meta property=\"og:type\" content=\"article\" \/>\n<meta property=\"og:title\" content=\"Accesibilidad - Jonde\" \/>\n<meta property=\"og:description\" content=\"Pautas de accesibilidad seguidas en este sitio webSe han tomado [&hellip;]\" \/>\n<meta property=\"og:url\" content=\"https:\/\/jonde.inaem.gob.es\/en\/accesibilidad\/\" \/>\n<meta property=\"og:site_name\" content=\"Jonde\" \/>\n<meta property=\"article:publisher\" content=\"https:\/\/www.facebook.com\/jovenorquestanacionaldeespana\" \/>\n<meta property=\"article:modified_time\" content=\"2023-06-30T09:25:46+00:00\" \/>\n<meta name=\"twitter:card\" content=\"summary_large_image\" \/>\n<meta name=\"twitter:label1\" content=\"Est. reading time\" \/>\n\t<meta name=\"twitter:data1\" content=\"1 minute\" \/>\n<script type=\"application\/ld+json\" class=\"yoast-schema-graph\">{\"@context\":\"https:\\\/\\\/schema.org\",\"@graph\":[{\"@type\":\"WebPage\",\"@id\":\"https:\\\/\\\/jonde.inaem.gob.es\\\/en\\\/accesibilidad\\\/\",\"url\":\"https:\\\/\\\/jonde.inaem.gob.es\\\/en\\\/accesibilidad\\\/\",\"name\":\"Accesibilidad - Jonde\",\"isPartOf\":{\"@id\":\"https:\\\/\\\/jonde.inaem.gob.es\\\/#website\"},\"datePublished\":\"2022-08-08T07:21:07+00:00\",\"dateModified\":\"2023-06-30T09:25:46+00:00\",\"breadcrumb\":{\"@id\":\"https:\\\/\\\/jonde.inaem.gob.es\\\/en\\\/accesibilidad\\\/#breadcrumb\"},\"inLanguage\":\"en-US\",\"potentialAction\":[{\"@type\":\"ReadAction\",\"target\":[\"https:\\\/\\\/jonde.inaem.gob.es\\\/en\\\/accesibilidad\\\/\"]}]},{\"@type\":\"BreadcrumbList\",\"@id\":\"https:\\\/\\\/jonde.inaem.gob.es\\\/en\\\/accesibilidad\\\/#breadcrumb\",\"itemListElement\":[{\"@type\":\"ListItem\",\"position\":1,\"name\":\"Home\",\"item\":\"https:\\\/\\\/jonde.inaem.gob.es\\\/en\\\/\"},{\"@type\":\"ListItem\",\"position\":2,\"name\":\"Accesibilidad\"}]},{\"@type\":\"WebSite\",\"@id\":\"https:\\\/\\\/jonde.inaem.gob.es\\\/#website\",\"url\":\"https:\\\/\\\/jonde.inaem.gob.es\\\/\",\"name\":\"JONDE\",\"description\":\"Joven Orquesta Nacional de Espa\u00f1a\",\"publisher\":{\"@id\":\"https:\\\/\\\/jonde.inaem.gob.es\\\/#organization\"},\"potentialAction\":[{\"@type\":\"SearchAction\",\"target\":{\"@type\":\"EntryPoint\",\"urlTemplate\":\"https:\\\/\\\/jonde.inaem.gob.es\\\/?s={search_term_string}\"},\"query-input\":{\"@type\":\"PropertyValueSpecification\",\"valueRequired\":true,\"valueName\":\"search_term_string\"}}],\"inLanguage\":\"en-US\"},{\"@type\":\"Organization\",\"@id\":\"https:\\\/\\\/jonde.inaem.gob.es\\\/#organization\",\"name\":\"Joven Orquesta Nacional de Espa\u00f1a\",\"url\":\"https:\\\/\\\/jonde.inaem.gob.es\\\/\",\"logo\":{\"@type\":\"ImageObject\",\"inLanguage\":\"en-US\",\"@id\":\"https:\\\/\\\/jonde.inaem.gob.es\\\/#\\\/schema\\\/logo\\\/image\\\/\",\"url\":\"https:\\\/\\\/jonde.inaem.gob.es\\\/wp-content\\\/uploads\\\/2022\\\/05\\\/03.png\",\"contentUrl\":\"https:\\\/\\\/jonde.inaem.gob.es\\\/wp-content\\\/uploads\\\/2022\\\/05\\\/03.png\",\"width\":674,\"height\":193,\"caption\":\"Joven Orquesta Nacional de Espa\u00f1a\"},\"image\":{\"@id\":\"https:\\\/\\\/jonde.inaem.gob.es\\\/#\\\/schema\\\/logo\\\/image\\\/\"},\"sameAs\":[\"https:\\\/\\\/www.facebook.com\\\/jovenorquestanacionaldeespana\"]}]}<\/script>\n<!-- \/ Yoast SEO plugin. -->","yoast_head_json":{"title":"Accesibilidad - Jonde","robots":{"index":"index","follow":"follow","max-snippet":"max-snippet:-1","max-image-preview":"max-image-preview:large","max-video-preview":"max-video-preview:-1"},"canonical":"https:\/\/jonde.inaem.gob.es\/en\/accesibilidad\/","og_locale":"en_US","og_type":"article","og_title":"Accesibilidad - Jonde","og_description":"Pautas de accesibilidad seguidas en este sitio webSe han tomado [&hellip;]","og_url":"https:\/\/jonde.inaem.gob.es\/en\/accesibilidad\/","og_site_name":"Jonde","article_publisher":"https:\/\/www.facebook.com\/jovenorquestanacionaldeespana","article_modified_time":"2023-06-30T09:25:46+00:00","twitter_card":"summary_large_image","twitter_misc":{"Est. reading time":"1 minute"},"schema":{"@context":"https:\/\/schema.org","@graph":[{"@type":"WebPage","@id":"https:\/\/jonde.inaem.gob.es\/en\/accesibilidad\/","url":"https:\/\/jonde.inaem.gob.es\/en\/accesibilidad\/","name":"Accesibilidad - Jonde","isPartOf":{"@id":"https:\/\/jonde.inaem.gob.es\/#website"},"datePublished":"2022-08-08T07:21:07+00:00","dateModified":"2023-06-30T09:25:46+00:00","breadcrumb":{"@id":"https:\/\/jonde.inaem.gob.es\/en\/accesibilidad\/#breadcrumb"},"inLanguage":"en-US","potentialAction":[{"@type":"ReadAction","target":["https:\/\/jonde.inaem.gob.es\/en\/accesibilidad\/"]}]},{"@type":"BreadcrumbList","@id":"https:\/\/jonde.inaem.gob.es\/en\/accesibilidad\/#breadcrumb","itemListElement":[{"@type":"ListItem","position":1,"name":"Home","item":"https:\/\/jonde.inaem.gob.es\/en\/"},{"@type":"ListItem","position":2,"name":"Accesibilidad"}]},{"@type":"WebSite","@id":"https:\/\/jonde.inaem.gob.es\/#website","url":"https:\/\/jonde.inaem.gob.es\/","name":"JONDE","description":"Joven Orquesta Nacional de Espa\u00f1a","publisher":{"@id":"https:\/\/jonde.inaem.gob.es\/#organization"},"potentialAction":[{"@type":"SearchAction","target":{"@type":"EntryPoint","urlTemplate":"https:\/\/jonde.inaem.gob.es\/?s={search_term_string}"},"query-input":{"@type":"PropertyValueSpecification","valueRequired":true,"valueName":"search_term_string"}}],"inLanguage":"en-US"},{"@type":"Organization","@id":"https:\/\/jonde.inaem.gob.es\/#organization","name":"Joven Orquesta Nacional de Espa\u00f1a","url":"https:\/\/jonde.inaem.gob.es\/","logo":{"@type":"ImageObject","inLanguage":"en-US","@id":"https:\/\/jonde.inaem.gob.es\/#\/schema\/logo\/image\/","url":"https:\/\/jonde.inaem.gob.es\/wp-content\/uploads\/2022\/05\/03.png","contentUrl":"https:\/\/jonde.inaem.gob.es\/wp-content\/uploads\/2022\/05\/03.png","width":674,"height":193,"caption":"Joven Orquesta Nacional de Espa\u00f1a"},"image":{"@id":"https:\/\/jonde.inaem.gob.es\/#\/schema\/logo\/image\/"},"sameAs":["https:\/\/www.facebook.com\/jovenorquestanacionaldeespana"]}]}},"_links":{"self":[{"href":"https:\/\/jonde.inaem.gob.es\/en\/wp-json\/wp\/v2\/pages\/9555","targetHints":{"allow":["GET"]}}],"collection":[{"href":"https:\/\/jonde.inaem.gob.es\/en\/wp-json\/wp\/v2\/pages"}],"about":[{"href":"https:\/\/jonde.inaem.gob.es\/en\/wp-json\/wp\/v2\/types\/page"}],"author":[{"embeddable":true,"href":"https:\/\/jonde.inaem.gob.es\/en\/wp-json\/wp\/v2\/users\/1"}],"replies":[{"embeddable":true,"href":"https:\/\/jonde.inaem.gob.es\/en\/wp-json\/wp\/v2\/comments?post=9555"}],"version-history":[{"count":16,"href":"https:\/\/jonde.inaem.gob.es\/en\/wp-json\/wp\/v2\/pages\/9555\/revisions"}],"predecessor-version":[{"id":11762,"href":"https:\/\/jonde.inaem.gob.es\/en\/wp-json\/wp\/v2\/pages\/9555\/revisions\/11762"}],"wp:attachment":[{"href":"https:\/\/jonde.inaem.gob.es\/en\/wp-json\/wp\/v2\/media?parent=9555"}],"curies":[{"name":"wp","href":"https:\/\/api.w.org\/{rel}","templated":true}]}}