{"id":9557,"date":"2022-08-08T07:22:59","date_gmt":"2022-08-08T07:22:59","guid":{"rendered":"https:\/\/jonde.inaem.gob.es\/aviso-legal\/"},"modified":"2026-04-14T09:18:18","modified_gmt":"2026-04-14T09:18:18","slug":"aviso-legal","status":"publish","type":"page","link":"https:\/\/jonde.inaem.gob.es\/en\/aviso-legal\/","title":{"rendered":"Aviso Legal"},"content":{"rendered":"\t\t<div data-elementor-type=\"wp-page\" data-elementor-id=\"9557\" class=\"elementor elementor-9557 elementor-9026\">\n\t\t\t\t\t\t<section class=\"elementor-section elementor-top-section elementor-element elementor-element-7feada5 elementor-section-boxed elementor-section-height-default elementor-section-height-default qodef-elementor-content-no qodef-elementor-stretch-row-no qodef-elementor-overlay-no\" data-id=\"7feada5\" data-element_type=\"section\" data-e-type=\"section\">\n\t\t\t\t\t\t<div class=\"elementor-container elementor-column-gap-default\">\n\t\t\t\t\t<div class=\"elementor-column elementor-col-100 elementor-top-column elementor-element elementor-element-9df82d7\" data-id=\"9df82d7\" data-element_type=\"column\" data-e-type=\"column\">\n\t\t\t<div class=\"elementor-widget-wrap elementor-element-populated\">\n\t\t\t\t\t\t<div class=\"elementor-element elementor-element-72e5d72 elementor-widget elementor-widget-text-editor\" data-id=\"72e5d72\" data-element_type=\"widget\" data-e-type=\"widget\" data-widget_type=\"text-editor.default\">\n\t\t\t\t<div class=\"elementor-widget-container\">\n\t\t\t\t\t\t\t\t\t<h3>Licencia general de reutilizaci\u00f3n de documentos cuya autor\u00eda corresponda al Ministerio de Cultura y sus organismos p\u00fablicos adscritos o dependientes.<\/h3>\n\n<p>El Ministerio de Cultura autoriza la reutilizaci\u00f3n de los textos, fotograf\u00edas, im\u00e1genes, v\u00eddeos y dem\u00e1s contenidos puestos a disposici\u00f3n en el portal del Ministerio de Cultura cuya fuente original sea el propio Ministerio de Cultura de conformidad con las condiciones generales establecidas en los art\u00edculos 7 y 8 del <a href=\"https:\/\/www.boe.es\/eli\/es\/rd\/2011\/10\/24\/1495\/con\" rel=\"external\" target=\"_blank\">Real Decreto 1495\/2011, de 24 de octubre<\/a>, por el que se desarrolla la Ley 37\/2007, de 16 de noviembre, sobre reutilizaci\u00f3n de la informaci\u00f3n del sector p\u00fablico, para el \u00e1mbito del sector p\u00fablico estatal, y en el Anexo de este real decreto que se reproduce adaptado al Ministerio a continuaci\u00f3n:<\/p>\n\n<h4>Aviso legal para la modalidad general de puesta a disposici\u00f3n de los documentos reutilizables<\/h4>\n\n<h4>Obligatoriedad de las condiciones generales<\/h4>\n\n<p>Las presentes condiciones generales, disponibles con car\u00e1cter permanente bajo <a href=\"http:\/\/datos.gob.es\/aviso-legal\">datos.gob.es\/aviso-legal<\/a>, vinculan a cualquier agente reutilizador por el mero uso de los documentos sometidos a ellas.<\/p>\n\n<p>Autorizaci\u00f3n de reutilizaci\u00f3n y cesi\u00f3n no exclusiva de derechos de propiedad intelectual.<\/p>\n\n<p>Las presentes condiciones generales permiten la reutilizaci\u00f3n de los documentos sometidos a ellas. Se entiende por reutilizaci\u00f3n el uso de documentos que obran en poder de los \u00f3rganos de la Administraci\u00f3n General del Estado y los dem\u00e1s organismos y entidades del sector p\u00fablico estatal referidos en el art\u00edculo 1.2 del Real Decreto 1495\/2011, de 24 de octubre, por personas f\u00edsicas o jur\u00eddicas, con fines comerciales o no comerciales, siempre que dicho uso no constituya una actividad administrativa p\u00fablica. La reutilizaci\u00f3n autorizada incluye, a modo ilustrativo, actividades como la copia, difusi\u00f3n, modificaci\u00f3n, adaptaci\u00f3n, extracci\u00f3n, reordenaci\u00f3n y combinaci\u00f3n de la informaci\u00f3n.<\/p>\n\n<p>El concepto de documento es el establecido en el apartado 2 del art\u00edculo 3 de la <a href=\"https:\/\/www.boe.es\/eli\/es\/l\/2007\/11\/16\/37\/con\" rel=\"external\" target=\"_blank\">Ley 37\/2007, de 16 de noviembre<\/a>, sobre reutilizaci\u00f3n de la informaci\u00f3n del sector p\u00fablico, por lo que comprende toda informaci\u00f3n cualquiera que sea su soporte, material o electr\u00f3nico, as\u00ed como su forma de expresi\u00f3n gr\u00e1fica, sonora o en imagen, utilizada, incluyendo tambi\u00e9n los datos en sus niveles m\u00e1s desagregados o &#8220;en bruto&#8221;.<\/p>\n\n<p>Esta autorizaci\u00f3n conlleva, asimismo, la cesi\u00f3n gratuita y no exclusiva de los derechos de propiedad intelectual, en su caso, correspondientes a tales documentos, autoriz\u00e1ndose la realizaci\u00f3n de actividades de reproducci\u00f3n, distribuci\u00f3n, comunicaci\u00f3n p\u00fablica o transformaci\u00f3n, necesarias para desarrollar la actividad de reutilizaci\u00f3n autorizada, en cualquier modalidad y bajo cualquier formato, para todo el mundo y por el plazo m\u00e1ximo permitido por la Ley.<\/p>\n\n<h4>Condiciones generales para la reutilizaci\u00f3n.<\/h4>\n\n<p>Para la reutilizaci\u00f3n de documentos son de aplicaci\u00f3n las siguientes condiciones generales:<\/p>\n\n<ul>\n  <li>Est\u00e1 prohibido desnaturalizar el sentido de la informaci\u00f3n.<\/li>\n  <li>Debe citarse la fuente de los documentos objeto de la reutilizaci\u00f3n. Esta cita podr\u00e1 realizarse de la siguiente manera: Origen de los datos: Ministerio de Cultura.<\/li>\n  <li>Debe mencionarse la fecha de la \u00faltima actualizaci\u00f3n de los documentos objeto de la reutilizaci\u00f3n, siempre cuando estuviera incluida en el documento original.<\/li>\n  <li>No se podr\u00e1 indicar, insinuar o sugerir que el Ministerio de Cultura titular de la informaci\u00f3n reutilizada participa, patrocina o apoya la reutilizaci\u00f3n que se lleve a cabo con ella.<\/li>\n  <li>Deben conservarse, no alterarse ni suprimirse los metadatos sobre la fecha de actualizaci\u00f3n y las condiciones de reutilizaci\u00f3n aplicables incluidos, en su caso, en el documento puesto a disposici\u00f3n para su reutilizaci\u00f3n.<\/li>\n<\/ul>\n\n<h4>Exclusi\u00f3n de responsabilidad<\/h4>\n\n<p>La reutilizaci\u00f3n de documentos se realizar\u00e1 por cuenta y riesgo del agente reutilizador, correspondi\u00e9ndole en exclusiva responder frente a terceros por los da\u00f1os que pudieran causarse.<\/p>\n\n<p>El Ministerio de Cultura no ser\u00e1 responsable del uso que hagan los agentes reutilizadores de las herramientas e informaciones contenidas en la web, ni tampoco de cualquier tipo de da\u00f1o que, de forma directa o indirecta, produzca o pueda producir la informaci\u00f3n reutilizada.<\/p>\n\n<h4>Responsabilidad del agente reutilizador.<\/h4>\n\n<p>El agente reutilizador se halla sometido a la normativa aplicable en materia de reutilizaci\u00f3n de la informaci\u00f3n del sector p\u00fablico, incluyendo el r\u00e9gimen sancionador previsto en el art\u00edculo 11 de la Ley 37\/2007, de 16 de noviembre.<\/p>\n\n<p>Con el objetivo de informar a los motores y sistemas automatizados de b\u00fasqueda en Internet, se incorporar\u00e1n los mecanismos de localizaci\u00f3n de informaci\u00f3n p\u00fablica reutilizable que se estimen oportunos. Para ello, si bien se podr\u00e1n utilizar otras modalidades t\u00e9cnicas, se propone el siguiente comando b\u00e1sico, que enlaza con las condiciones generales de reutilizaci\u00f3n:<\/p>\n\n<p>&lt;a href=&#8221;http:\/\/www.datos.gob.es\/avisolegal&#8221; rel=&#8221;license&#8221;&gt;Aviso legal&lt;\/a&gt;<\/p>\n\n<p>o bien el comando<\/p>\n\n<p>&lt;a href=&#8221;http:\/\/www.datos.gob.es\/avisolegal&#8221;&gt;Aviso legal&lt;\/a&gt;.<\/p>\n\n<h3>Licencia de reutilizaci\u00f3n de documentos cuya autor\u00eda sea de terceros distintos al Ministerio de Cultura y sus organismos p\u00fablicos adscritos o dependientes<\/h3>\n\n<p>Respecto a los documentos publicados en este portal cuya autor\u00eda sea de terceros, se entiende que los derechos exclusivos que los protegen han sido cedidos al Ministerio de Cultura o sus Organismos P\u00fablicos, adscritos o dependientes, a trav\u00e9s del correspondiente instrumento jur\u00eddico, con car\u00e1cter previo a su puesta a disposici\u00f3n, en virtud de lo dispuesto en el art\u00edculo 308 de la <a href=\"https:\/\/www.boe.es\/eli\/es\/l\/2017\/11\/08\/9\/con\" rel=\"external\" target=\"_blank\">Ley 9\/2017, de 8 de noviembre<\/a>, de Contratos del Sector P\u00fablico. En este caso, resulta de aplicaci\u00f3n la licencia general de reutilizaci\u00f3n de documentos del apartado anterior, salvo que el \u00e1rea de este Portal donde figuran las obras protegidas por derechos de propiedad intelectual incluya un aviso espec\u00edfico donde se disponga expresamente otra cosa. En este \u00faltimo caso, la licencia de reutilizaci\u00f3n estar\u00e1 limitada a las condiciones espec\u00edficas contenidas en ese aviso, o, en su defecto, a la descarga de dicho contenido por el usuario exclusivamente para uso privado, siempre que estos contenidos permanezcan \u00edntegros, quedando su uso, reproducci\u00f3n, distribuci\u00f3n, comunicaci\u00f3n p\u00fablica, transformaci\u00f3n o cualquier otra actividad similar o an\u00e1loga, totalmente prohibidos, salvo que medie autorizaci\u00f3n expresa del Ministerio de Cultura.<\/p>\n\n<h3>Licencia de reutilizaci\u00f3n de documentos, archivos y colecciones de origen privado<\/h3>\n\n<p>En cuanto a los documentos, archivos y colecciones de origen privado conservados en los archivos, bibliotecas y museos, su puesta a disposici\u00f3n con fines de reutilizaci\u00f3n se efect\u00faa de acuerdo a las condiciones establecidas en el instrumento jur\u00eddico que haya dado lugar a la conservaci\u00f3n y custodia de estos fondos en instituciones culturales p\u00fablicas, de conformidad con lo dispuesto en la Disposici\u00f3n Adicional cuarta de la Ley 37\/2007, de 16 de noviembre.<\/p>\n\n<h3>Declaraci\u00f3n final y punto de contacto<\/h3>\n\n<p>El Ministerio de Cultura declara su compromiso con el respeto a los derechos de propiedad intelectual e industrial de terceros. Por ello, rogamos que si considera que este portal pudiera estar vulnerando sus derechos, contacte con nosotros a trav\u00e9s del <a href=\"https:\/\/www.cultura.gob.es\/servicios-a-la-ciudadania\/catalogo\/procedimientos-generales\/consulta-electronica\/form-consulta-electronica.html\" rel=\"external\" target=\"_blank\">formulario de contacto del Ministerio<\/a> indicando en el asunto de la consulta &#8220;Desacuerdo con el Aviso Legal&#8221;.<\/p>\n\n<h2>2. Links o hiperenlaces<\/h2>\n\n<p>El Ministerio de Cultura le facilita el acceso a otras p\u00e1ginas web que pueden ser de su inter\u00e9s. El objetivo de dichos enlaces es \u00fanicamente proporcionarle la b\u00fasqueda de los recursos que le puedan interesar a trav\u00e9s de Internet. No obstante, dichas p\u00e1ginas no pertenecen al ministerio, ni este revisa sus contenidos y, por ello, no se hace responsable de los mismos, del funcionamiento de la p\u00e1gina enlazada o de los posibles da\u00f1os que puedan derivarse del acceso o uso de la misma. El usuario asume bajo su exclusiva responsabilidad las consecuencias, da\u00f1os o acciones que pudieran derivarse del acceso a la p\u00e1gina web del enlace.<\/p>\n\n<p>Las personas que se propongan establecer un hiperenlace entre su p\u00e1gina web y la del Ministerio de Cultura deber\u00e1n tener en cuenta lo siguiente:<\/p>\n\n<ul>\n  <li>El establecimiento del hiperenlace no implica en ning\u00fan caso la existencia de relaciones entre el Ministerio de Cultura y el propietario de la p\u00e1gina web que se establezca, ni la aceptaci\u00f3n y aprobaci\u00f3n por parte del Ministerio de Cultura de sus contenidos o servicios. Por tanto, no se declarar\u00e1 ni se dar\u00e1 a entender que el Ministerio de Cultura ha autorizado expresamente el hiperenlace, ni que ha supervisado o asumido los servicios ofrecidos o puestos a disposici\u00f3n en la p\u00e1gina web desde la que se establece el hiperenlace.<\/li>\n  <li>El Ministerio de Cultura no se responsabiliza en modo alguno ni garantiza la calidad, exactitud, fiabilidad, correcci\u00f3n o moralidad de los contenidos o servicios que el establecimiento del hiperenlace pueda ofrecer. El usuario asume bajo su exclusiva responsabilidad las consecuencias, da\u00f1os o acciones que pudieran derivarse del acceso a la p\u00e1gina web del hiperenlace.<\/li>\n  <li>La p\u00e1gina web en la que se establezca el hiperenlace no podr\u00e1 contener marca, denominaci\u00f3n, logotipo, eslogan u otros signos distintivos pertenecientes al Ministerio de Cultura, excepto los signos que formen parte del mismo hiperenlace.<\/li>\n  <li>La p\u00e1gina web en la que se establezca el hiperenlace no contendr\u00e1 informaciones con contenidos il\u00edcitos, discriminatorios, contrarios a los principios \u00e9ticos com\u00fanmente aceptados o atenten contra el orden p\u00fablico o derechos de terceros.<\/li>\n  <li>En cualquier momento, el Ministerio de Cultura podr\u00e1 requerir la supresi\u00f3n del enlace a su dominio, sin necesidad de alegar causa alguna. En tal caso, la p\u00e1gina que haya realizado el enlace deber\u00e1 proceder a su inmediata supresi\u00f3n, tan pronto como reciba la notificaci\u00f3n de este extremo por parte del Ministerio de Cultura.<\/li>\n<\/ul>\n\n<h2>3. Frames<\/h2>\n\n<p>El Ministerio de Cultura proh\u00edbe expresamente la realizaci\u00f3n de &#8220;framings&#8221; o la utilizaci\u00f3n por parte de terceros de cualquier mecanismo que altere el dise\u00f1o, configuraci\u00f3n original o contenidos de su portal.<\/p>\n\n<h2>4. Ley aplicable y jurisdicci\u00f3n<\/h2>\n\n<p>La ley aplicable en caso de disputa o conflicto de interpretaci\u00f3n de los t\u00e9rminos que conforman este aviso legal, as\u00ed como cualquier cuesti\u00f3n relacionada con los servicios del presente portal, ser\u00e1 la ley espa\u00f1ola. Para la resoluci\u00f3n de cualquier conflicto que pueda surgir con ocasi\u00f3n de la visita al portal o el uso de sus servicios, el Ministerio de Cultura y la usuaria o el usuario acuerdan someterse a los jueces y tribunales de su domicilio, siempre que est\u00e9 situado en territorio espa\u00f1ol.<\/p>\n\n<p>Informaci\u00f3n actualizada en abril de 2024.<\/p>\t\t\t\t\t\t\t\t<\/div>\n\t\t\t\t<\/div>\n\t\t\t\t\t<\/div>\n\t\t<\/div>\n\t\t\t\t\t<\/div>\n\t\t<\/section>\n\t\t\t\t<\/div>\n\t\t","protected":false},"excerpt":{"rendered":"<p>Licencia general de reutilizaci\u00f3n de documentos cuya autor\u00eda corresponda al [&hellip;]<\/p>\n","protected":false},"author":1,"featured_media":0,"parent":0,"menu_order":0,"comment_status":"closed","ping_status":"closed","template":"","meta":{"footnotes":""},"class_list":["post-9557","page","type-page","status-publish","hentry"],"yoast_head":"<!-- This site is optimized with the Yoast SEO plugin v27.3 - https:\/\/yoast.com\/product\/yoast-seo-wordpress\/ -->\n<title>Aviso Legal - Jonde<\/title>\n<meta name=\"robots\" content=\"index, follow, max-snippet:-1, max-image-preview:large, max-video-preview:-1\" \/>\n<link rel=\"canonical\" href=\"https:\/\/jonde.inaem.gob.es\/en\/aviso-legal\/\" \/>\n<meta property=\"og:locale\" content=\"en_US\" \/>\n<meta property=\"og:type\" content=\"article\" \/>\n<meta property=\"og:title\" content=\"Aviso Legal - Jonde\" \/>\n<meta property=\"og:description\" content=\"Licencia general de reutilizaci\u00f3n de documentos cuya autor\u00eda corresponda al [&hellip;]\" \/>\n<meta property=\"og:url\" content=\"https:\/\/jonde.inaem.gob.es\/en\/aviso-legal\/\" \/>\n<meta property=\"og:site_name\" content=\"Jonde\" \/>\n<meta property=\"article:publisher\" content=\"https:\/\/www.facebook.com\/jovenorquestanacionaldeespana\" \/>\n<meta property=\"article:modified_time\" content=\"2026-04-14T09:18:18+00:00\" \/>\n<meta name=\"twitter:card\" content=\"summary_large_image\" \/>\n<meta name=\"twitter:label1\" content=\"Est. reading time\" \/>\n\t<meta name=\"twitter:data1\" content=\"9 minutes\" \/>\n<script type=\"application\/ld+json\" class=\"yoast-schema-graph\">{\"@context\":\"https:\\\/\\\/schema.org\",\"@graph\":[{\"@type\":\"WebPage\",\"@id\":\"https:\\\/\\\/jonde.inaem.gob.es\\\/en\\\/aviso-legal\\\/\",\"url\":\"https:\\\/\\\/jonde.inaem.gob.es\\\/en\\\/aviso-legal\\\/\",\"name\":\"Aviso Legal - Jonde\",\"isPartOf\":{\"@id\":\"https:\\\/\\\/jonde.inaem.gob.es\\\/#website\"},\"datePublished\":\"2022-08-08T07:22:59+00:00\",\"dateModified\":\"2026-04-14T09:18:18+00:00\",\"breadcrumb\":{\"@id\":\"https:\\\/\\\/jonde.inaem.gob.es\\\/en\\\/aviso-legal\\\/#breadcrumb\"},\"inLanguage\":\"en-US\",\"potentialAction\":[{\"@type\":\"ReadAction\",\"target\":[\"https:\\\/\\\/jonde.inaem.gob.es\\\/en\\\/aviso-legal\\\/\"]}]},{\"@type\":\"BreadcrumbList\",\"@id\":\"https:\\\/\\\/jonde.inaem.gob.es\\\/en\\\/aviso-legal\\\/#breadcrumb\",\"itemListElement\":[{\"@type\":\"ListItem\",\"position\":1,\"name\":\"Home\",\"item\":\"https:\\\/\\\/jonde.inaem.gob.es\\\/en\\\/\"},{\"@type\":\"ListItem\",\"position\":2,\"name\":\"Aviso Legal\"}]},{\"@type\":\"WebSite\",\"@id\":\"https:\\\/\\\/jonde.inaem.gob.es\\\/#website\",\"url\":\"https:\\\/\\\/jonde.inaem.gob.es\\\/\",\"name\":\"JONDE\",\"description\":\"Joven Orquesta Nacional de Espa\u00f1a\",\"publisher\":{\"@id\":\"https:\\\/\\\/jonde.inaem.gob.es\\\/#organization\"},\"potentialAction\":[{\"@type\":\"SearchAction\",\"target\":{\"@type\":\"EntryPoint\",\"urlTemplate\":\"https:\\\/\\\/jonde.inaem.gob.es\\\/?s={search_term_string}\"},\"query-input\":{\"@type\":\"PropertyValueSpecification\",\"valueRequired\":true,\"valueName\":\"search_term_string\"}}],\"inLanguage\":\"en-US\"},{\"@type\":\"Organization\",\"@id\":\"https:\\\/\\\/jonde.inaem.gob.es\\\/#organization\",\"name\":\"Joven Orquesta Nacional de Espa\u00f1a\",\"url\":\"https:\\\/\\\/jonde.inaem.gob.es\\\/\",\"logo\":{\"@type\":\"ImageObject\",\"inLanguage\":\"en-US\",\"@id\":\"https:\\\/\\\/jonde.inaem.gob.es\\\/#\\\/schema\\\/logo\\\/image\\\/\",\"url\":\"https:\\\/\\\/jonde.inaem.gob.es\\\/wp-content\\\/uploads\\\/2022\\\/05\\\/03.png\",\"contentUrl\":\"https:\\\/\\\/jonde.inaem.gob.es\\\/wp-content\\\/uploads\\\/2022\\\/05\\\/03.png\",\"width\":674,\"height\":193,\"caption\":\"Joven Orquesta Nacional de Espa\u00f1a\"},\"image\":{\"@id\":\"https:\\\/\\\/jonde.inaem.gob.es\\\/#\\\/schema\\\/logo\\\/image\\\/\"},\"sameAs\":[\"https:\\\/\\\/www.facebook.com\\\/jovenorquestanacionaldeespana\"]}]}<\/script>\n<!-- \/ Yoast SEO plugin. -->","yoast_head_json":{"title":"Aviso Legal - Jonde","robots":{"index":"index","follow":"follow","max-snippet":"max-snippet:-1","max-image-preview":"max-image-preview:large","max-video-preview":"max-video-preview:-1"},"canonical":"https:\/\/jonde.inaem.gob.es\/en\/aviso-legal\/","og_locale":"en_US","og_type":"article","og_title":"Aviso Legal - Jonde","og_description":"Licencia general de reutilizaci\u00f3n de documentos cuya autor\u00eda corresponda al [&hellip;]","og_url":"https:\/\/jonde.inaem.gob.es\/en\/aviso-legal\/","og_site_name":"Jonde","article_publisher":"https:\/\/www.facebook.com\/jovenorquestanacionaldeespana","article_modified_time":"2026-04-14T09:18:18+00:00","twitter_card":"summary_large_image","twitter_misc":{"Est. reading time":"9 minutes"},"schema":{"@context":"https:\/\/schema.org","@graph":[{"@type":"WebPage","@id":"https:\/\/jonde.inaem.gob.es\/en\/aviso-legal\/","url":"https:\/\/jonde.inaem.gob.es\/en\/aviso-legal\/","name":"Aviso Legal - Jonde","isPartOf":{"@id":"https:\/\/jonde.inaem.gob.es\/#website"},"datePublished":"2022-08-08T07:22:59+00:00","dateModified":"2026-04-14T09:18:18+00:00","breadcrumb":{"@id":"https:\/\/jonde.inaem.gob.es\/en\/aviso-legal\/#breadcrumb"},"inLanguage":"en-US","potentialAction":[{"@type":"ReadAction","target":["https:\/\/jonde.inaem.gob.es\/en\/aviso-legal\/"]}]},{"@type":"BreadcrumbList","@id":"https:\/\/jonde.inaem.gob.es\/en\/aviso-legal\/#breadcrumb","itemListElement":[{"@type":"ListItem","position":1,"name":"Home","item":"https:\/\/jonde.inaem.gob.es\/en\/"},{"@type":"ListItem","position":2,"name":"Aviso Legal"}]},{"@type":"WebSite","@id":"https:\/\/jonde.inaem.gob.es\/#website","url":"https:\/\/jonde.inaem.gob.es\/","name":"JONDE","description":"Joven Orquesta Nacional de Espa\u00f1a","publisher":{"@id":"https:\/\/jonde.inaem.gob.es\/#organization"},"potentialAction":[{"@type":"SearchAction","target":{"@type":"EntryPoint","urlTemplate":"https:\/\/jonde.inaem.gob.es\/?s={search_term_string}"},"query-input":{"@type":"PropertyValueSpecification","valueRequired":true,"valueName":"search_term_string"}}],"inLanguage":"en-US"},{"@type":"Organization","@id":"https:\/\/jonde.inaem.gob.es\/#organization","name":"Joven Orquesta Nacional de Espa\u00f1a","url":"https:\/\/jonde.inaem.gob.es\/","logo":{"@type":"ImageObject","inLanguage":"en-US","@id":"https:\/\/jonde.inaem.gob.es\/#\/schema\/logo\/image\/","url":"https:\/\/jonde.inaem.gob.es\/wp-content\/uploads\/2022\/05\/03.png","contentUrl":"https:\/\/jonde.inaem.gob.es\/wp-content\/uploads\/2022\/05\/03.png","width":674,"height":193,"caption":"Joven Orquesta Nacional de Espa\u00f1a"},"image":{"@id":"https:\/\/jonde.inaem.gob.es\/#\/schema\/logo\/image\/"},"sameAs":["https:\/\/www.facebook.com\/jovenorquestanacionaldeespana"]}]}},"_links":{"self":[{"href":"https:\/\/jonde.inaem.gob.es\/en\/wp-json\/wp\/v2\/pages\/9557","targetHints":{"allow":["GET"]}}],"collection":[{"href":"https:\/\/jonde.inaem.gob.es\/en\/wp-json\/wp\/v2\/pages"}],"about":[{"href":"https:\/\/jonde.inaem.gob.es\/en\/wp-json\/wp\/v2\/types\/page"}],"author":[{"embeddable":true,"href":"https:\/\/jonde.inaem.gob.es\/en\/wp-json\/wp\/v2\/users\/1"}],"replies":[{"embeddable":true,"href":"https:\/\/jonde.inaem.gob.es\/en\/wp-json\/wp\/v2\/comments?post=9557"}],"version-history":[{"count":3,"href":"https:\/\/jonde.inaem.gob.es\/en\/wp-json\/wp\/v2\/pages\/9557\/revisions"}],"predecessor-version":[{"id":18907,"href":"https:\/\/jonde.inaem.gob.es\/en\/wp-json\/wp\/v2\/pages\/9557\/revisions\/18907"}],"wp:attachment":[{"href":"https:\/\/jonde.inaem.gob.es\/en\/wp-json\/wp\/v2\/media?parent=9557"}],"curies":[{"name":"wp","href":"https:\/\/api.w.org\/{rel}","templated":true}]}}