{"id":9562,"date":"2020-07-31T12:12:05","date_gmt":"2020-07-31T12:12:05","guid":{"rendered":"https:\/\/jonde.inaem.gob.es\/ofertas-de-trabajo\/"},"modified":"2025-03-10T14:14:48","modified_gmt":"2025-03-10T14:14:48","slug":"ofertas-de-trabajo","status":"publish","type":"page","link":"https:\/\/jonde.inaem.gob.es\/en\/ofertas-de-trabajo\/","title":{"rendered":"Ofertas laborales"},"content":{"rendered":"\t\t<div data-elementor-type=\"wp-page\" data-elementor-id=\"9562\" class=\"elementor elementor-9562 elementor-753\">\n\t\t\t\t\t\t<section class=\"elementor-section elementor-top-section elementor-element elementor-element-4afd421 elementor-section-height-min-height stretched-img elementor-section-boxed elementor-section-height-default elementor-section-items-middle qodef-elementor-content-no qodef-elementor-stretch-row-no qodef-elementor-overlay-no\" data-id=\"4afd421\" data-element_type=\"section\" data-e-type=\"section\">\n\t\t\t\t\t\t<div class=\"elementor-container elementor-column-gap-default\">\n\t\t\t\t\t<div class=\"elementor-column elementor-col-100 elementor-top-column elementor-element elementor-element-f314539\" data-id=\"f314539\" data-element_type=\"column\" data-e-type=\"column\" data-settings=\"{&quot;background_background&quot;:&quot;classic&quot;}\">\n\t\t\t<div class=\"elementor-widget-wrap elementor-element-populated\">\n\t\t\t\t\t\t<div class=\"elementor-element elementor-element-ca67f11 elementor-widget elementor-widget-spacer\" data-id=\"ca67f11\" data-element_type=\"widget\" data-e-type=\"widget\" data-widget_type=\"spacer.default\">\n\t\t\t\t<div class=\"elementor-widget-container\">\n\t\t\t\t\t\t\t<div class=\"elementor-spacer\">\n\t\t\t<div class=\"elementor-spacer-inner\"><\/div>\n\t\t<\/div>\n\t\t\t\t\t\t<\/div>\n\t\t\t\t<\/div>\n\t\t\t\t\t<\/div>\n\t\t<\/div>\n\t\t\t\t\t<\/div>\n\t\t<\/section>\n\t\t\t\t<section class=\"elementor-section elementor-top-section elementor-element elementor-element-613c137 qodef-elementor-content-grid elementor-section-boxed elementor-section-height-default elementor-section-height-default qodef-elementor-stretch-row-no qodef-elementor-overlay-no\" data-id=\"613c137\" data-element_type=\"section\" data-e-type=\"section\" data-settings=\"{&quot;background_background&quot;:&quot;classic&quot;}\">\n\t\t\t\t\t\t<div class=\"elementor-container elementor-column-gap-default\">\n\t\t\t\t\t<div class=\"elementor-column elementor-col-100 elementor-top-column elementor-element elementor-element-337f699\" data-id=\"337f699\" data-element_type=\"column\" data-e-type=\"column\">\n\t\t\t<div class=\"elementor-widget-wrap elementor-element-populated\">\n\t\t\t\t\t\t<div class=\"elementor-element elementor-element-06d2f0a elementor-widget elementor-widget-text-editor\" data-id=\"06d2f0a\" data-element_type=\"widget\" data-e-type=\"widget\" data-widget_type=\"text-editor.default\">\n\t\t\t\t<div class=\"elementor-widget-container\">\n\t\t\t\t\t\t\t\t\t<h4 style=\"text-align: left;\"><span style=\"text-decoration: underline; color: #ce0058;\"><strong>OFERTAS LABORALES<\/strong><\/span><\/h4>\t\t\t\t\t\t\t\t<\/div>\n\t\t\t\t<\/div>\n\t\t\t\t<div class=\"elementor-element elementor-element-6a79f4b elementor-widget elementor-widget-zermatt_core_accordion\" data-id=\"6a79f4b\" data-element_type=\"widget\" data-e-type=\"widget\" data-widget_type=\"zermatt_core_accordion.default\">\n\t\t\t\t<div class=\"elementor-widget-container\">\n\t\t\t\t\t<div class=\"qodef-shortcode qodef-m  qodef-accordion clear qodef-behavior--accordion qodef-layout--simple\">\n\t<h4 class=\"qodef-accordion-title\">\n<span class=\"qodef-tab-title\">\n\t\tFuncionario de la AGE | Grupo de adscripci\u00f3n: A2C1 | N22\t<span class=\"qodef-accordion-subtitle\">\n\t\tJoven Orquesta Nacional de Espa\u00f1a<br\/>\t<\/span>\n\t<\/span>\n<span class=\"qodef-accordion-mark\">\n\t\t<span class=\"qodef-icon--plus\">\n\t\t\t<svg width=\"22\" height=\"22\" viewBox=\"0 0 22 22\"><title>accordion-plus<\/title><rect x=\"10\" width=\"2\"\n\t\t\t                                                                                   height=\"22\"\/><rect x=\"10\"\n\t\t\t                                                                                                      width=\"2\"\n\t\t\t                                                                                                      height=\"22\"\n\t\t\t                                                                                                      transform=\"translate(0 22) rotate(-90)\"\/><\/svg>\n\t\t<\/span>\n\t\t<span class=\"qodef-icon--minus\">\n\t\t\t<svg width=\"22\" height=\"2\" viewBox=\"0 0 22 2\"><title>accordion-minus<\/title><rect x=\"10\" width=\"2\"\n\t\t\t                                                                                  height=\"22\"\n\t\t\t                                                                                  transform=\"translate(0 12) rotate(-90)\"\/><\/svg>\n\t\t<\/span>\n\t<\/span>\n\n<\/h4>\n\n<div class=\"qodef-accordion-content\">\n\t<div class=\"qodef-accordion-content-inner \">\n\t\t<p><strong><span style=\"color: #000000;\"><br \/>FUNCIONES DEL PUESTO<\/span><\/strong><\/p><p>\u00a0<\/p><p><span style=\"color: #000000;\">- Elaboraci\u00f3n de todos los informes anuales de la actividad de la JONDE<\/span><br \/><span style=\"color: #000000;\">- Elaboraci\u00f3n de todas las estad\u00edsticas anuales de los miembros y actividad de la JONDE<\/span><br \/><span style=\"color: #000000;\">- Coordinaci\u00f3n de los contenidos para la realizaci\u00f3n del Bianuario de la JONDE<\/span><br \/><span style=\"color: #000000;\">- Apoyo en la actualizaci\u00f3n y dinamizaci\u00f3n de la web y redes sociales de la JONDE<\/span><br \/><span style=\"color: #000000;\">- Gesti\u00f3n de invitaciones de la JONDE en conciertos celebrados en sede (Auditorio Nacional de M\u00fasica) y <\/span><span style=\"color: #000000;\">gesti\u00f3n telef\u00f3nica relacionada con estos conciertos.<\/span><br \/><span style=\"color: #000000;\">- Organizaci\u00f3n y clasificaci\u00f3n del archivo hist\u00f3rico de prensa de la JONDE<\/span><br \/><span style=\"color: #000000;\">- Gesti\u00f3n y atenci\u00f3n del correo electr\u00f3nico gen\u00e9rico de la JONDE<br \/><\/span><span style=\"color: #000000;\">- Actualizaci\u00f3n y dinamizaci\u00f3n de bases de datos de la JONDE<br \/><\/span><span style=\"color: #000000;\">- Gesti\u00f3n del Convenio de transferencia del CDAEM \u2013 MNT y la JONDE<\/span><\/p><p><span style=\"color: #000000;\">M\u00e1s informaci\u00f3n: contratacion.jonde@inaem.cultura.gob.es<\/span><\/p>\t<\/div>\n<\/div><\/div>\t\t\t\t<\/div>\n\t\t\t\t<\/div>\n\t\t\t\t\t<\/div>\n\t\t<\/div>\n\t\t\t\t\t<\/div>\n\t\t<\/section>\n\t\t\t\t<section class=\"elementor-section elementor-top-section elementor-element elementor-element-d49fabe elementor-section-full_width job-section elementor-section-height-default elementor-section-height-default qodef-elementor-content-no qodef-elementor-stretch-row-no qodef-elementor-overlay-no\" data-id=\"d49fabe\" data-element_type=\"section\" data-e-type=\"section\">\n\t\t\t\t\t\t<div class=\"elementor-container elementor-column-gap-no\">\n\t\t\t\t\t<div class=\"elementor-column elementor-col-100 elementor-top-column elementor-element elementor-element-a88453b\" data-id=\"a88453b\" data-element_type=\"column\" data-e-type=\"column\">\n\t\t\t<div class=\"elementor-widget-wrap elementor-element-populated\">\n\t\t\t\t\t\t<div class=\"elementor-element elementor-element-460d467 elementor-widget__width-auto job-img elementor-hidden-desktop elementor-hidden-tablet elementor-hidden-mobile elementor-widget elementor-widget-image\" data-id=\"460d467\" data-element_type=\"widget\" data-e-type=\"widget\" data-widget_type=\"image.default\">\n\t\t\t\t<div class=\"elementor-widget-container\">\n\t\t\t\t\t\t\t\t\t\t\t\t\t\t\t<img decoding=\"async\" width=\"150\" height=\"150\" src=\"https:\/\/jonde.inaem.gob.es\/wp-content\/uploads\/2022\/05\/Untitled-e1653127513848-150x150.png\" class=\"attachment-thumbnail size-thumbnail wp-image-7635\" alt=\"\" \/>\t\t\t\t\t\t\t\t\t\t\t\t\t\t\t<\/div>\n\t\t\t\t<\/div>\n\t\t\t\t<div class=\"elementor-element elementor-element-a430c49 elementor-widget__width-initial elementor-hidden-desktop elementor-hidden-tablet elementor-hidden-mobile elementor-widget elementor-widget-text-editor\" data-id=\"a430c49\" data-element_type=\"widget\" data-e-type=\"widget\" data-widget_type=\"text-editor.default\">\n\t\t\t\t<div class=\"elementor-widget-container\">\n\t\t\t\t\t\t\t\t\t<h4><strong>Titulo<\/strong><\/h4><p><em>Lorem ipsum dolor sit amet.<\/em><\/p>\t\t\t\t\t\t\t\t<\/div>\n\t\t\t\t<\/div>\n\t\t\t\t<div class=\"elementor-element elementor-element-9297f8e elementor-hidden-desktop elementor-hidden-tablet elementor-hidden-mobile elementor-widget elementor-widget-zermatt_core_button\" data-id=\"9297f8e\" data-element_type=\"widget\" data-e-type=\"widget\" data-widget_type=\"zermatt_core_button.default\">\n\t\t\t\t<div class=\"elementor-widget-container\">\n\t\t\t\t\t<a class=\"qodef-shortcode qodef-m  qodef-button qodef-layout--filled qodef-size--large qodef-html--link qodef-text-hover\" href=\"\/test-job\" target=\"_self\"  style=\"background-color: #D50057;font-weight: 700\">\n\t\t\t<span class=\"qodef-m-text-holder\">\n\t\t\t<span class=\"qodef-m-text\">Ver mas<\/span>\n\t\t\t<span class=\"qodef-m-text\">Ver mas<\/span>\n\t\t<\/span>\n\t<\/a>\t\t\t\t<\/div>\n\t\t\t\t<\/div>\n\t\t\t\t\t<\/div>\n\t\t<\/div>\n\t\t\t\t\t<\/div>\n\t\t<\/section>\n\t\t\t\t<section class=\"elementor-section elementor-top-section elementor-element elementor-element-e88a270 elementor-section-full_width job-section elementor-section-height-default elementor-section-height-default qodef-elementor-content-no qodef-elementor-stretch-row-no qodef-elementor-overlay-no\" data-id=\"e88a270\" data-element_type=\"section\" data-e-type=\"section\">\n\t\t\t\t\t\t<div class=\"elementor-container elementor-column-gap-no\">\n\t\t\t\t\t<div class=\"elementor-column elementor-col-100 elementor-top-column elementor-element elementor-element-604dc3c\" data-id=\"604dc3c\" data-element_type=\"column\" data-e-type=\"column\">\n\t\t\t<div class=\"elementor-widget-wrap elementor-element-populated\">\n\t\t\t\t\t\t<div class=\"elementor-element elementor-element-8ea30e0 elementor-widget__width-auto job-img elementor-hidden-desktop elementor-hidden-tablet elementor-hidden-mobile elementor-widget elementor-widget-image\" data-id=\"8ea30e0\" data-element_type=\"widget\" data-e-type=\"widget\" data-widget_type=\"image.default\">\n\t\t\t\t<div class=\"elementor-widget-container\">\n\t\t\t\t\t\t\t\t\t\t\t\t\t\t\t<img decoding=\"async\" width=\"150\" height=\"150\" src=\"https:\/\/jonde.inaem.gob.es\/wp-content\/uploads\/2022\/05\/Untitled-e1653127513848-150x150.png\" class=\"attachment-thumbnail size-thumbnail wp-image-7635\" alt=\"\" \/>\t\t\t\t\t\t\t\t\t\t\t\t\t\t\t<\/div>\n\t\t\t\t<\/div>\n\t\t\t\t<div class=\"elementor-element elementor-element-0daa55c elementor-widget__width-initial elementor-hidden-desktop elementor-hidden-tablet elementor-hidden-mobile elementor-widget elementor-widget-text-editor\" data-id=\"0daa55c\" data-element_type=\"widget\" data-e-type=\"widget\" data-widget_type=\"text-editor.default\">\n\t\t\t\t<div class=\"elementor-widget-container\">\n\t\t\t\t\t\t\t\t\t<h4><strong>Titulo<\/strong><\/h4><p><em>Lorem ipsum dolor sit amet.<\/em><\/p>\t\t\t\t\t\t\t\t<\/div>\n\t\t\t\t<\/div>\n\t\t\t\t<div class=\"elementor-element elementor-element-bc53c27 elementor-hidden-desktop elementor-hidden-tablet elementor-hidden-mobile elementor-widget elementor-widget-zermatt_core_button\" data-id=\"bc53c27\" data-element_type=\"widget\" data-e-type=\"widget\" data-widget_type=\"zermatt_core_button.default\">\n\t\t\t\t<div class=\"elementor-widget-container\">\n\t\t\t\t\t<a class=\"qodef-shortcode qodef-m  qodef-button qodef-layout--filled qodef-size--large qodef-html--link qodef-text-hover\" href=\"\/test-job\" target=\"_self\"  style=\"background-color: #D50057;font-weight: 700\">\n\t\t\t<span class=\"qodef-m-text-holder\">\n\t\t\t<span class=\"qodef-m-text\">Ver mas<\/span>\n\t\t\t<span class=\"qodef-m-text\">Ver mas<\/span>\n\t\t<\/span>\n\t<\/a>\t\t\t\t<\/div>\n\t\t\t\t<\/div>\n\t\t\t\t\t<\/div>\n\t\t<\/div>\n\t\t\t\t\t<\/div>\n\t\t<\/section>\n\t\t\t\t<\/div>\n\t\t","protected":false},"excerpt":{"rendered":"<p>OFERTAS LABORALES Funcionario de la AGE | Grupo de adscripci\u00f3n: [&hellip;]<\/p>\n","protected":false},"author":1,"featured_media":0,"parent":0,"menu_order":0,"comment_status":"closed","ping_status":"closed","template":"","meta":{"footnotes":""},"class_list":["post-9562","page","type-page","status-publish","hentry"],"yoast_head":"<!-- This site is optimized with the Yoast SEO plugin v27.3 - https:\/\/yoast.com\/product\/yoast-seo-wordpress\/ -->\n<title>Ofertas laborales - Jonde<\/title>\n<meta name=\"robots\" content=\"index, follow, max-snippet:-1, max-image-preview:large, max-video-preview:-1\" \/>\n<link rel=\"canonical\" href=\"https:\/\/jonde.inaem.gob.es\/en\/ofertas-de-trabajo\/\" \/>\n<meta property=\"og:locale\" content=\"en_US\" \/>\n<meta property=\"og:type\" content=\"article\" \/>\n<meta property=\"og:title\" content=\"Ofertas laborales - Jonde\" \/>\n<meta property=\"og:description\" content=\"OFERTAS LABORALES Funcionario de la AGE | Grupo de adscripci\u00f3n: [&hellip;]\" \/>\n<meta property=\"og:url\" content=\"https:\/\/jonde.inaem.gob.es\/en\/ofertas-de-trabajo\/\" \/>\n<meta property=\"og:site_name\" content=\"Jonde\" \/>\n<meta property=\"article:publisher\" content=\"https:\/\/www.facebook.com\/jovenorquestanacionaldeespana\" \/>\n<meta property=\"article:modified_time\" content=\"2025-03-10T14:14:48+00:00\" \/>\n<meta property=\"og:image\" content=\"https:\/\/jonde.inaem.gob.es\/wp-content\/uploads\/2022\/05\/Untitled-e1653127513848.png\" \/>\n\t<meta property=\"og:image:width\" content=\"440\" \/>\n\t<meta property=\"og:image:height\" content=\"430\" \/>\n\t<meta property=\"og:image:type\" content=\"image\/png\" \/>\n<meta name=\"twitter:card\" content=\"summary_large_image\" \/>\n<meta name=\"twitter:label1\" content=\"Est. reading time\" \/>\n\t<meta name=\"twitter:data1\" content=\"1 minute\" \/>\n<script type=\"application\/ld+json\" class=\"yoast-schema-graph\">{\"@context\":\"https:\\\/\\\/schema.org\",\"@graph\":[{\"@type\":\"WebPage\",\"@id\":\"https:\\\/\\\/jonde.inaem.gob.es\\\/en\\\/ofertas-de-trabajo\\\/\",\"url\":\"https:\\\/\\\/jonde.inaem.gob.es\\\/en\\\/ofertas-de-trabajo\\\/\",\"name\":\"Ofertas laborales - Jonde\",\"isPartOf\":{\"@id\":\"https:\\\/\\\/jonde.inaem.gob.es\\\/#website\"},\"primaryImageOfPage\":{\"@id\":\"https:\\\/\\\/jonde.inaem.gob.es\\\/en\\\/ofertas-de-trabajo\\\/#primaryimage\"},\"image\":{\"@id\":\"https:\\\/\\\/jonde.inaem.gob.es\\\/en\\\/ofertas-de-trabajo\\\/#primaryimage\"},\"thumbnailUrl\":\"https:\\\/\\\/jonde.inaem.gob.es\\\/wp-content\\\/uploads\\\/2022\\\/05\\\/Untitled-e1653127513848-150x150.png\",\"datePublished\":\"2020-07-31T12:12:05+00:00\",\"dateModified\":\"2025-03-10T14:14:48+00:00\",\"breadcrumb\":{\"@id\":\"https:\\\/\\\/jonde.inaem.gob.es\\\/en\\\/ofertas-de-trabajo\\\/#breadcrumb\"},\"inLanguage\":\"en-US\",\"potentialAction\":[{\"@type\":\"ReadAction\",\"target\":[\"https:\\\/\\\/jonde.inaem.gob.es\\\/en\\\/ofertas-de-trabajo\\\/\"]}]},{\"@type\":\"ImageObject\",\"inLanguage\":\"en-US\",\"@id\":\"https:\\\/\\\/jonde.inaem.gob.es\\\/en\\\/ofertas-de-trabajo\\\/#primaryimage\",\"url\":\"https:\\\/\\\/jonde.inaem.gob.es\\\/wp-content\\\/uploads\\\/2022\\\/05\\\/Untitled-e1653127513848-150x150.png\",\"contentUrl\":\"https:\\\/\\\/jonde.inaem.gob.es\\\/wp-content\\\/uploads\\\/2022\\\/05\\\/Untitled-e1653127513848-150x150.png\"},{\"@type\":\"BreadcrumbList\",\"@id\":\"https:\\\/\\\/jonde.inaem.gob.es\\\/en\\\/ofertas-de-trabajo\\\/#breadcrumb\",\"itemListElement\":[{\"@type\":\"ListItem\",\"position\":1,\"name\":\"Home\",\"item\":\"https:\\\/\\\/jonde.inaem.gob.es\\\/en\\\/\"},{\"@type\":\"ListItem\",\"position\":2,\"name\":\"Ofertas laborales\"}]},{\"@type\":\"WebSite\",\"@id\":\"https:\\\/\\\/jonde.inaem.gob.es\\\/#website\",\"url\":\"https:\\\/\\\/jonde.inaem.gob.es\\\/\",\"name\":\"JONDE\",\"description\":\"Joven Orquesta Nacional de Espa\u00f1a\",\"publisher\":{\"@id\":\"https:\\\/\\\/jonde.inaem.gob.es\\\/#organization\"},\"potentialAction\":[{\"@type\":\"SearchAction\",\"target\":{\"@type\":\"EntryPoint\",\"urlTemplate\":\"https:\\\/\\\/jonde.inaem.gob.es\\\/?s={search_term_string}\"},\"query-input\":{\"@type\":\"PropertyValueSpecification\",\"valueRequired\":true,\"valueName\":\"search_term_string\"}}],\"inLanguage\":\"en-US\"},{\"@type\":\"Organization\",\"@id\":\"https:\\\/\\\/jonde.inaem.gob.es\\\/#organization\",\"name\":\"Joven Orquesta Nacional de Espa\u00f1a\",\"url\":\"https:\\\/\\\/jonde.inaem.gob.es\\\/\",\"logo\":{\"@type\":\"ImageObject\",\"inLanguage\":\"en-US\",\"@id\":\"https:\\\/\\\/jonde.inaem.gob.es\\\/#\\\/schema\\\/logo\\\/image\\\/\",\"url\":\"https:\\\/\\\/jonde.inaem.gob.es\\\/wp-content\\\/uploads\\\/2022\\\/05\\\/03.png\",\"contentUrl\":\"https:\\\/\\\/jonde.inaem.gob.es\\\/wp-content\\\/uploads\\\/2022\\\/05\\\/03.png\",\"width\":674,\"height\":193,\"caption\":\"Joven Orquesta Nacional de Espa\u00f1a\"},\"image\":{\"@id\":\"https:\\\/\\\/jonde.inaem.gob.es\\\/#\\\/schema\\\/logo\\\/image\\\/\"},\"sameAs\":[\"https:\\\/\\\/www.facebook.com\\\/jovenorquestanacionaldeespana\"]}]}<\/script>\n<!-- \/ Yoast SEO plugin. -->","yoast_head_json":{"title":"Ofertas laborales - Jonde","robots":{"index":"index","follow":"follow","max-snippet":"max-snippet:-1","max-image-preview":"max-image-preview:large","max-video-preview":"max-video-preview:-1"},"canonical":"https:\/\/jonde.inaem.gob.es\/en\/ofertas-de-trabajo\/","og_locale":"en_US","og_type":"article","og_title":"Ofertas laborales - Jonde","og_description":"OFERTAS LABORALES Funcionario de la AGE | Grupo de adscripci\u00f3n: [&hellip;]","og_url":"https:\/\/jonde.inaem.gob.es\/en\/ofertas-de-trabajo\/","og_site_name":"Jonde","article_publisher":"https:\/\/www.facebook.com\/jovenorquestanacionaldeespana","article_modified_time":"2025-03-10T14:14:48+00:00","og_image":[{"width":440,"height":430,"url":"https:\/\/jonde.inaem.gob.es\/wp-content\/uploads\/2022\/05\/Untitled-e1653127513848.png","type":"image\/png"}],"twitter_card":"summary_large_image","twitter_misc":{"Est. reading time":"1 minute"},"schema":{"@context":"https:\/\/schema.org","@graph":[{"@type":"WebPage","@id":"https:\/\/jonde.inaem.gob.es\/en\/ofertas-de-trabajo\/","url":"https:\/\/jonde.inaem.gob.es\/en\/ofertas-de-trabajo\/","name":"Ofertas laborales - Jonde","isPartOf":{"@id":"https:\/\/jonde.inaem.gob.es\/#website"},"primaryImageOfPage":{"@id":"https:\/\/jonde.inaem.gob.es\/en\/ofertas-de-trabajo\/#primaryimage"},"image":{"@id":"https:\/\/jonde.inaem.gob.es\/en\/ofertas-de-trabajo\/#primaryimage"},"thumbnailUrl":"https:\/\/jonde.inaem.gob.es\/wp-content\/uploads\/2022\/05\/Untitled-e1653127513848-150x150.png","datePublished":"2020-07-31T12:12:05+00:00","dateModified":"2025-03-10T14:14:48+00:00","breadcrumb":{"@id":"https:\/\/jonde.inaem.gob.es\/en\/ofertas-de-trabajo\/#breadcrumb"},"inLanguage":"en-US","potentialAction":[{"@type":"ReadAction","target":["https:\/\/jonde.inaem.gob.es\/en\/ofertas-de-trabajo\/"]}]},{"@type":"ImageObject","inLanguage":"en-US","@id":"https:\/\/jonde.inaem.gob.es\/en\/ofertas-de-trabajo\/#primaryimage","url":"https:\/\/jonde.inaem.gob.es\/wp-content\/uploads\/2022\/05\/Untitled-e1653127513848-150x150.png","contentUrl":"https:\/\/jonde.inaem.gob.es\/wp-content\/uploads\/2022\/05\/Untitled-e1653127513848-150x150.png"},{"@type":"BreadcrumbList","@id":"https:\/\/jonde.inaem.gob.es\/en\/ofertas-de-trabajo\/#breadcrumb","itemListElement":[{"@type":"ListItem","position":1,"name":"Home","item":"https:\/\/jonde.inaem.gob.es\/en\/"},{"@type":"ListItem","position":2,"name":"Ofertas laborales"}]},{"@type":"WebSite","@id":"https:\/\/jonde.inaem.gob.es\/#website","url":"https:\/\/jonde.inaem.gob.es\/","name":"JONDE","description":"Joven Orquesta Nacional de Espa\u00f1a","publisher":{"@id":"https:\/\/jonde.inaem.gob.es\/#organization"},"potentialAction":[{"@type":"SearchAction","target":{"@type":"EntryPoint","urlTemplate":"https:\/\/jonde.inaem.gob.es\/?s={search_term_string}"},"query-input":{"@type":"PropertyValueSpecification","valueRequired":true,"valueName":"search_term_string"}}],"inLanguage":"en-US"},{"@type":"Organization","@id":"https:\/\/jonde.inaem.gob.es\/#organization","name":"Joven Orquesta Nacional de Espa\u00f1a","url":"https:\/\/jonde.inaem.gob.es\/","logo":{"@type":"ImageObject","inLanguage":"en-US","@id":"https:\/\/jonde.inaem.gob.es\/#\/schema\/logo\/image\/","url":"https:\/\/jonde.inaem.gob.es\/wp-content\/uploads\/2022\/05\/03.png","contentUrl":"https:\/\/jonde.inaem.gob.es\/wp-content\/uploads\/2022\/05\/03.png","width":674,"height":193,"caption":"Joven Orquesta Nacional de Espa\u00f1a"},"image":{"@id":"https:\/\/jonde.inaem.gob.es\/#\/schema\/logo\/image\/"},"sameAs":["https:\/\/www.facebook.com\/jovenorquestanacionaldeespana"]}]}},"_links":{"self":[{"href":"https:\/\/jonde.inaem.gob.es\/en\/wp-json\/wp\/v2\/pages\/9562","targetHints":{"allow":["GET"]}}],"collection":[{"href":"https:\/\/jonde.inaem.gob.es\/en\/wp-json\/wp\/v2\/pages"}],"about":[{"href":"https:\/\/jonde.inaem.gob.es\/en\/wp-json\/wp\/v2\/types\/page"}],"author":[{"embeddable":true,"href":"https:\/\/jonde.inaem.gob.es\/en\/wp-json\/wp\/v2\/users\/1"}],"replies":[{"embeddable":true,"href":"https:\/\/jonde.inaem.gob.es\/en\/wp-json\/wp\/v2\/comments?post=9562"}],"version-history":[{"count":108,"href":"https:\/\/jonde.inaem.gob.es\/en\/wp-json\/wp\/v2\/pages\/9562\/revisions"}],"predecessor-version":[{"id":16025,"href":"https:\/\/jonde.inaem.gob.es\/en\/wp-json\/wp\/v2\/pages\/9562\/revisions\/16025"}],"wp:attachment":[{"href":"https:\/\/jonde.inaem.gob.es\/en\/wp-json\/wp\/v2\/media?parent=9562"}],"curies":[{"name":"wp","href":"https:\/\/api.w.org\/{rel}","templated":true}]}}