{"id":9597,"date":"2022-11-07T09:14:28","date_gmt":"2022-11-07T09:14:28","guid":{"rendered":"https:\/\/jonde.inaem.gob.es\/international-program\/"},"modified":"2022-11-15T19:12:14","modified_gmt":"2022-11-15T19:12:14","slug":"international-program","status":"publish","type":"page","link":"https:\/\/jonde.inaem.gob.es\/en\/international-program\/","title":{"rendered":"International Program"},"content":{"rendered":"\t\t<div data-elementor-type=\"wp-page\" data-elementor-id=\"9597\" class=\"elementor elementor-9597 elementor-9590\">\n\t\t\t\t\t\t<section class=\"elementor-section elementor-top-section elementor-element elementor-element-08daa0e qodef-elementor-content-grid elementor-section-boxed elementor-section-height-default elementor-section-height-default qodef-elementor-stretch-row-no qodef-elementor-overlay-no\" data-id=\"08daa0e\" data-element_type=\"section\" data-e-type=\"section\" data-settings=\"{&quot;background_background&quot;:&quot;classic&quot;}\">\n\t\t\t\t\t\t<div class=\"elementor-container elementor-column-gap-default\">\n\t\t\t\t\t<div class=\"elementor-column elementor-col-100 elementor-top-column elementor-element elementor-element-01fc97d\" data-id=\"01fc97d\" data-element_type=\"column\" data-e-type=\"column\">\n\t\t\t<div class=\"elementor-widget-wrap elementor-element-populated\">\n\t\t\t\t\t\t<div class=\"elementor-element elementor-element-75a77a4 elementor-widget elementor-widget-zermatt_core_accordion\" data-id=\"75a77a4\" data-element_type=\"widget\" data-e-type=\"widget\" data-widget_type=\"zermatt_core_accordion.default\">\n\t\t\t\t<div class=\"elementor-widget-container\">\n\t\t\t\t\t<div class=\"qodef-shortcode qodef-m  qodef-accordion clear qodef-behavior--accordion qodef-layout--simple\">\n\t<h4 class=\"qodef-accordion-title\">\n\t<span class=\"qodef-tab-image\">\n\t\t<img decoding=\"async\" src=\"http:\/\/jonde.inaem.gob.es\/wp-content\/uploads\/2022\/05\/concert-3-1438826.jpg\">\n\t<\/span>\n<span class=\"qodef-tab-title\">\n\t\tEncuentro IV - (E IV\/21) \t<span class=\"qodef-accordion-subtitle\">\n\t\tLorem ipsum dolor sit amet, consectetur adipiscing elit, sed do eiusmod tempor incididunt ut labore et dolore magna aliqua. Ut enim ad minim veniam, quis nostrud exercitation ullamco laboris nisi ut aliquip ex ea commodo consequat. Duis aute irure dolor in reprehenderit in voluptate velit esse cillum dolore eu fugiat nulla pariatur. <br\/>\t<\/span>\n\t<\/span>\n<span class=\"qodef-accordion-mark\">\n\t\t<span class=\"qodef-icon--plus\">\n\t\t\t<svg width=\"22\" height=\"22\" viewBox=\"0 0 22 22\"><title>accordion-plus<\/title><rect x=\"10\" width=\"2\"\n\t\t\t                                                                                   height=\"22\"\/><rect x=\"10\"\n\t\t\t                                                                                                      width=\"2\"\n\t\t\t                                                                                                      height=\"22\"\n\t\t\t                                                                                                      transform=\"translate(0 22) rotate(-90)\"\/><\/svg>\n\t\t<\/span>\n\t\t<span class=\"qodef-icon--minus\">\n\t\t\t<svg width=\"22\" height=\"2\" viewBox=\"0 0 22 2\"><title>accordion-minus<\/title><rect x=\"10\" width=\"2\"\n\t\t\t                                                                                  height=\"22\"\n\t\t\t                                                                                  transform=\"translate(0 12) rotate(-90)\"\/><\/svg>\n\t\t<\/span>\n\t<\/span>\n\n<\/h4>\n\n<div class=\"qodef-accordion-content\">\n\t<div class=\"qodef-accordion-content-inner has-image\">\n\t\t<p><strong>Informacion<\/strong><\/p><p><em>Profesorado:<\/em><\/p><p>\u2022 SALVADOR MART\u00cdNEZ (Flauta Solista de la Orquesta de Valencia \/ Profesor Asistente de Flauta de la Escuela Superior de M\u00fasica Reina Sof\u00eda de Madrid) - Flautas\/clarinetes<\/p><p>\u2022 FRANCISCO ALONSO (Fagot solista de la Orquesta Sinf\u00f3nica de Madrid \/ Profesor de Fagot de la Escuela Superior de M\u00fasica Reina Sof\u00eda de Madrid) - Oboes\/Fagotes<\/p><p>\u2022 JOS\u00c9 MIGUEL ASENSI (Solista de la Orquesta de Castilla y Le\u00f3n) - Trompas\/Trompetas<\/p><p>\u2022 ALBERTO URRETXO (Tromb\u00f3n solista Orquesta Sinf\u00f3nica de Bilbao \/ Director art\u00edstico Soinuaren Bidaia Ensemble \/ Director art\u00edstico Euskadi Brass \/ Profesor invitado Escuela Superior Forum Musikae) - Trombones\/Tuba<\/p><p>\u2022 DANIELA IOLKICHEVA (Solista de la Real Orquesta Sinf\u00f3nica de Sevilla) - Arpa \u2022 GRATINIANO MURCIA (Timbal solista Orquesta de la Comunidad Valenciana \/ Academia Percusons (Valencia) \/ Escuela Internacional de M\u00fasica (Valencia) ) - Percusi\u00f3n\/timbales<\/p><p>\u2022 JOAQU\u00cdN TORRE (Catedr\u00e1tico de Viol\u00edn del Real Conservatorio Superior de M\u00fasica de Madrid) - Violines I<\/p><p>\u2022 JENNIFER MOREAUX (Solista de segundos violines en la Orquesta Sinf\u00f3nica de Castilla y Le\u00f3n) - Violines II<\/p><p>\u2022 NATALIA TCHITCH (Profesora viola en Musikene \/ Orquesta Dissonance \/ Invitada regularmente a Orquesta Sinf\u00f3nica de Euskadi y Mahler Chamber Orchestra) - Violas<\/p><p>\u2022 MIGUEL JIM\u00c9NEZ (Solista de la Orquesta y Coro Nacionales de Espa\u00f1a) - Violoncellos<\/p><p>\u2022 UX\u00cdA M. BOTANA (Solista de la Brussels Philharmonic Orchestra) - Contrabajos<\/p>\t<\/div>\n<\/div><h4 class=\"qodef-accordion-title\">\n\t<span class=\"qodef-tab-image\">\n\t\t<img decoding=\"async\" src=\"https:\/\/cdn.pixabay.com\/photo\/2019\/08\/10\/08\/44\/violin-4396455__340.jpg\">\n\t<\/span>\n<span class=\"qodef-tab-title\">\n\t\tEncuentro IV - (E IV\/21) \t<span class=\"qodef-accordion-subtitle\">\n\t\t Excepteur sint occaecat cupidatat non proident, sunt in culpa qui officia deserunt mollit anim id est laborum.  Excepteur sint occaecat cupidatat non proident, sunt in culpa qui officia deserunt mollit anim id est laborum.<br\/>\t<\/span>\n\t<\/span>\n<span class=\"qodef-accordion-mark\">\n\t\t<span class=\"qodef-icon--plus\">\n\t\t\t<svg width=\"22\" height=\"22\" viewBox=\"0 0 22 22\"><title>accordion-plus<\/title><rect x=\"10\" width=\"2\"\n\t\t\t                                                                                   height=\"22\"\/><rect x=\"10\"\n\t\t\t                                                                                                      width=\"2\"\n\t\t\t                                                                                                      height=\"22\"\n\t\t\t                                                                                                      transform=\"translate(0 22) rotate(-90)\"\/><\/svg>\n\t\t<\/span>\n\t\t<span class=\"qodef-icon--minus\">\n\t\t\t<svg width=\"22\" height=\"2\" viewBox=\"0 0 22 2\"><title>accordion-minus<\/title><rect x=\"10\" width=\"2\"\n\t\t\t                                                                                  height=\"22\"\n\t\t\t                                                                                  transform=\"translate(0 12) rotate(-90)\"\/><\/svg>\n\t\t<\/span>\n\t<\/span>\n\n<\/h4>\n\n<div class=\"qodef-accordion-content\">\n\t<div class=\"qodef-accordion-content-inner has-image\">\n\t\t<p>Ut faucibus pulvinar elementum integer enim neque volutpat. Viverra adipiscing at in tellus. Euismod lacinia at quis risus sed vulputate odio. Faucibus interdum posuere lorem ipsum. Id eu nisl nunc mi ipsum faucibus vitae. Gravida rutrum quisque non tellus. At varius vel pharetra vel turpis nunc eget lorem.<\/p><p><span style=\"text-decoration: underline;\"><span style=\"color: #505050;\"><a style=\"color: #505050; text-decoration: underline;\" href=\"#\">Apply<\/a><\/span><\/span><\/p>\t<\/div>\n<\/div><h4 class=\"qodef-accordion-title\">\n\t<span class=\"qodef-tab-image\">\n\t\t<img decoding=\"async\" src=\"http:\/\/jonde.inaem.gob.es\/wp-content\/uploads\/2022\/05\/concert-3-1438826.jpg\">\n\t<\/span>\n<span class=\"qodef-tab-title\">\n\t\tEncuentro IV - (E IV\/21) \t<span class=\"qodef-accordion-subtitle\">\n\t\t Excepteur sint occaecat cupidatat non proident, sunt in culpa qui officia deserunt mollit anim id est laborum.  Excepteur sint occaecat cupidatat non proident, sunt in culpa qui officia deserunt mollit anim id est laborum.<br\/>\t<\/span>\n\t<\/span>\n<span class=\"qodef-accordion-mark\">\n\t\t<span class=\"qodef-icon--plus\">\n\t\t\t<svg width=\"22\" height=\"22\" viewBox=\"0 0 22 22\"><title>accordion-plus<\/title><rect x=\"10\" width=\"2\"\n\t\t\t                                                                                   height=\"22\"\/><rect x=\"10\"\n\t\t\t                                                                                                      width=\"2\"\n\t\t\t                                                                                                      height=\"22\"\n\t\t\t                                                                                                      transform=\"translate(0 22) rotate(-90)\"\/><\/svg>\n\t\t<\/span>\n\t\t<span class=\"qodef-icon--minus\">\n\t\t\t<svg width=\"22\" height=\"2\" viewBox=\"0 0 22 2\"><title>accordion-minus<\/title><rect x=\"10\" width=\"2\"\n\t\t\t                                                                                  height=\"22\"\n\t\t\t                                                                                  transform=\"translate(0 12) rotate(-90)\"\/><\/svg>\n\t\t<\/span>\n\t<\/span>\n\n<\/h4>\n\n<div class=\"qodef-accordion-content\">\n\t<div class=\"qodef-accordion-content-inner has-image\">\n\t\t<p>Ut faucibus pulvinar elementum integer enim neque volutpat. Viverra adipiscing at in tellus. Euismod lacinia at quis risus sed vulputate odio. Faucibus interdum posuere lorem ipsum. Id eu nisl nunc mi ipsum faucibus vitae. Gravida rutrum quisque non tellus. At varius vel pharetra vel turpis nunc eget lorem.<\/p><p><span style=\"text-decoration: underline;\"><span style=\"color: #505050;\"><a style=\"color: #505050; text-decoration: underline;\" href=\"#\">Apply<\/a><\/span><\/span><\/p>\t<\/div>\n<\/div><h4 class=\"qodef-accordion-title\">\n\t<span class=\"qodef-tab-image\">\n\t\t<img decoding=\"async\" src=\"http:\/\/jonde.inaem.gob.es\/wp-content\/uploads\/2022\/05\/concert-3-1438826.jpg\">\n\t<\/span>\n<span class=\"qodef-tab-title\">\n\t\tEncuentro IV - (E IV\/21) \t<span class=\"qodef-accordion-subtitle\">\n\t\t Excepteur sint occaecat cupidatat non proident, sunt in culpa qui officia deserunt mollit anim id est laborum.<br\/>\t<\/span>\n\t<\/span>\n<span class=\"qodef-accordion-mark\">\n\t\t<span class=\"qodef-icon--plus\">\n\t\t\t<svg width=\"22\" height=\"22\" viewBox=\"0 0 22 22\"><title>accordion-plus<\/title><rect x=\"10\" width=\"2\"\n\t\t\t                                                                                   height=\"22\"\/><rect x=\"10\"\n\t\t\t                                                                                                      width=\"2\"\n\t\t\t                                                                                                      height=\"22\"\n\t\t\t                                                                                                      transform=\"translate(0 22) rotate(-90)\"\/><\/svg>\n\t\t<\/span>\n\t\t<span class=\"qodef-icon--minus\">\n\t\t\t<svg width=\"22\" height=\"2\" viewBox=\"0 0 22 2\"><title>accordion-minus<\/title><rect x=\"10\" width=\"2\"\n\t\t\t                                                                                  height=\"22\"\n\t\t\t                                                                                  transform=\"translate(0 12) rotate(-90)\"\/><\/svg>\n\t\t<\/span>\n\t<\/span>\n\n<\/h4>\n\n<div class=\"qodef-accordion-content\">\n\t<div class=\"qodef-accordion-content-inner has-image\">\n\t\t<p>Ut faucibus pulvinar elementum integer enim neque volutpat. Viverra adipiscing at in tellus. Euismod lacinia at quis risus sed vulputate odio. Faucibus interdum posuere lorem ipsum. Id eu nisl nunc mi ipsum faucibus vitae. Gravida rutrum quisque non tellus. At varius vel pharetra vel turpis nunc eget lorem.<\/p><p><span style=\"text-decoration: underline;\"><span style=\"color: #505050;\"><a style=\"color: #505050; text-decoration: underline;\" href=\"#\">Apply<\/a><\/span><\/span><\/p>\t<\/div>\n<\/div><h4 class=\"qodef-accordion-title\">\n\t<span class=\"qodef-tab-image\">\n\t\t<img decoding=\"async\" src=\"https:\/\/zinginstruments.com\/wp-content\/uploads\/2020\/02\/violin-on-top-of-sheet-music.png\">\n\t<\/span>\n<span class=\"qodef-tab-title\">\n\t\tEncuentro IV - (E IV\/21) \t<span class=\"qodef-accordion-subtitle\">\n\t\t Excepteur sint occaecat cupidatat non proident, sunt in culpa qui officia deserunt mollit anim id est laborum.<br\/>\t<\/span>\n\t<\/span>\n<span class=\"qodef-accordion-mark\">\n\t\t<span class=\"qodef-icon--plus\">\n\t\t\t<svg width=\"22\" height=\"22\" viewBox=\"0 0 22 22\"><title>accordion-plus<\/title><rect x=\"10\" width=\"2\"\n\t\t\t                                                                                   height=\"22\"\/><rect x=\"10\"\n\t\t\t                                                                                                      width=\"2\"\n\t\t\t                                                                                                      height=\"22\"\n\t\t\t                                                                                                      transform=\"translate(0 22) rotate(-90)\"\/><\/svg>\n\t\t<\/span>\n\t\t<span class=\"qodef-icon--minus\">\n\t\t\t<svg width=\"22\" height=\"2\" viewBox=\"0 0 22 2\"><title>accordion-minus<\/title><rect x=\"10\" width=\"2\"\n\t\t\t                                                                                  height=\"22\"\n\t\t\t                                                                                  transform=\"translate(0 12) rotate(-90)\"\/><\/svg>\n\t\t<\/span>\n\t<\/span>\n\n<\/h4>\n\n<div class=\"qodef-accordion-content\">\n\t<div class=\"qodef-accordion-content-inner has-image\">\n\t\t<p>Ut faucibus pulvinar elementum integer enim neque volutpat. Viverra adipiscing at in tellus. Euismod lacinia at quis risus sed vulputate odio. Faucibus interdum posuere lorem ipsum. Id eu nisl nunc mi ipsum faucibus vitae. Gravida rutrum quisque non tellus. At varius vel pharetra vel turpis nunc eget lorem.<\/p><p><span style=\"text-decoration: underline;\"><span style=\"color: #505050;\"><a style=\"color: #505050; text-decoration: underline;\" href=\"#\">Apply<\/a><\/span><\/span><\/p>\t<\/div>\n<\/div><\/div>\t\t\t\t<\/div>\n\t\t\t\t<\/div>\n\t\t\t\t\t<\/div>\n\t\t<\/div>\n\t\t\t\t\t<\/div>\n\t\t<\/section>\n\t\t\t\t<\/div>\n\t\t","protected":false},"excerpt":{"rendered":"<p>Encuentro IV &#8211; (E IV\/21) Lorem ipsum dolor sit amet, [&hellip;]<\/p>\n","protected":false},"author":1,"featured_media":0,"parent":0,"menu_order":0,"comment_status":"closed","ping_status":"closed","template":"page-full-width.php","meta":{"footnotes":""},"class_list":["post-9597","page","type-page","status-publish","hentry"],"yoast_head":"<!-- This site is optimized with the Yoast SEO plugin v27.3 - https:\/\/yoast.com\/product\/yoast-seo-wordpress\/ -->\n<title>International Program - Jonde<\/title>\n<meta name=\"robots\" content=\"index, follow, max-snippet:-1, max-image-preview:large, max-video-preview:-1\" \/>\n<link rel=\"canonical\" href=\"https:\/\/jonde.inaem.gob.es\/en\/international-program\/\" \/>\n<meta property=\"og:locale\" content=\"en_US\" \/>\n<meta property=\"og:type\" content=\"article\" \/>\n<meta property=\"og:title\" content=\"International Program - Jonde\" \/>\n<meta property=\"og:description\" content=\"Encuentro IV &#8211; (E IV\/21) Lorem ipsum dolor sit amet, [&hellip;]\" \/>\n<meta property=\"og:url\" content=\"https:\/\/jonde.inaem.gob.es\/en\/international-program\/\" \/>\n<meta property=\"og:site_name\" content=\"Jonde\" \/>\n<meta property=\"article:publisher\" content=\"https:\/\/www.facebook.com\/jovenorquestanacionaldeespana\" \/>\n<meta property=\"article:modified_time\" content=\"2022-11-15T19:12:14+00:00\" \/>\n<meta property=\"og:image\" content=\"https:\/\/jonde.inaem.gob.es\/wp-content\/uploads\/2022\/05\/concert-3-1438826.jpg\" \/>\n<meta name=\"twitter:card\" content=\"summary_large_image\" \/>\n<meta name=\"twitter:label1\" content=\"Est. reading time\" \/>\n\t<meta name=\"twitter:data1\" content=\"3 minutes\" \/>\n<script type=\"application\/ld+json\" class=\"yoast-schema-graph\">{\"@context\":\"https:\\\/\\\/schema.org\",\"@graph\":[{\"@type\":\"WebPage\",\"@id\":\"https:\\\/\\\/jonde.inaem.gob.es\\\/en\\\/international-program\\\/\",\"url\":\"https:\\\/\\\/jonde.inaem.gob.es\\\/en\\\/international-program\\\/\",\"name\":\"International Program - Jonde\",\"isPartOf\":{\"@id\":\"https:\\\/\\\/jonde.inaem.gob.es\\\/#website\"},\"primaryImageOfPage\":{\"@id\":\"https:\\\/\\\/jonde.inaem.gob.es\\\/en\\\/international-program\\\/#primaryimage\"},\"image\":{\"@id\":\"https:\\\/\\\/jonde.inaem.gob.es\\\/en\\\/international-program\\\/#primaryimage\"},\"thumbnailUrl\":\"https:\\\/\\\/jonde.inaem.gob.es\\\/wp-content\\\/uploads\\\/2022\\\/05\\\/concert-3-1438826.jpg\",\"datePublished\":\"2022-11-07T09:14:28+00:00\",\"dateModified\":\"2022-11-15T19:12:14+00:00\",\"breadcrumb\":{\"@id\":\"https:\\\/\\\/jonde.inaem.gob.es\\\/en\\\/international-program\\\/#breadcrumb\"},\"inLanguage\":\"en-US\",\"potentialAction\":[{\"@type\":\"ReadAction\",\"target\":[\"https:\\\/\\\/jonde.inaem.gob.es\\\/en\\\/international-program\\\/\"]}]},{\"@type\":\"ImageObject\",\"inLanguage\":\"en-US\",\"@id\":\"https:\\\/\\\/jonde.inaem.gob.es\\\/en\\\/international-program\\\/#primaryimage\",\"url\":\"https:\\\/\\\/jonde.inaem.gob.es\\\/wp-content\\\/uploads\\\/2022\\\/05\\\/concert-3-1438826.jpg\",\"contentUrl\":\"https:\\\/\\\/jonde.inaem.gob.es\\\/wp-content\\\/uploads\\\/2022\\\/05\\\/concert-3-1438826.jpg\"},{\"@type\":\"BreadcrumbList\",\"@id\":\"https:\\\/\\\/jonde.inaem.gob.es\\\/en\\\/international-program\\\/#breadcrumb\",\"itemListElement\":[{\"@type\":\"ListItem\",\"position\":1,\"name\":\"Home\",\"item\":\"https:\\\/\\\/jonde.inaem.gob.es\\\/en\\\/\"},{\"@type\":\"ListItem\",\"position\":2,\"name\":\"International Program\"}]},{\"@type\":\"WebSite\",\"@id\":\"https:\\\/\\\/jonde.inaem.gob.es\\\/#website\",\"url\":\"https:\\\/\\\/jonde.inaem.gob.es\\\/\",\"name\":\"JONDE\",\"description\":\"Joven Orquesta Nacional de Espa\u00f1a\",\"publisher\":{\"@id\":\"https:\\\/\\\/jonde.inaem.gob.es\\\/#organization\"},\"potentialAction\":[{\"@type\":\"SearchAction\",\"target\":{\"@type\":\"EntryPoint\",\"urlTemplate\":\"https:\\\/\\\/jonde.inaem.gob.es\\\/?s={search_term_string}\"},\"query-input\":{\"@type\":\"PropertyValueSpecification\",\"valueRequired\":true,\"valueName\":\"search_term_string\"}}],\"inLanguage\":\"en-US\"},{\"@type\":\"Organization\",\"@id\":\"https:\\\/\\\/jonde.inaem.gob.es\\\/#organization\",\"name\":\"Joven Orquesta Nacional de Espa\u00f1a\",\"url\":\"https:\\\/\\\/jonde.inaem.gob.es\\\/\",\"logo\":{\"@type\":\"ImageObject\",\"inLanguage\":\"en-US\",\"@id\":\"https:\\\/\\\/jonde.inaem.gob.es\\\/#\\\/schema\\\/logo\\\/image\\\/\",\"url\":\"https:\\\/\\\/jonde.inaem.gob.es\\\/wp-content\\\/uploads\\\/2022\\\/05\\\/03.png\",\"contentUrl\":\"https:\\\/\\\/jonde.inaem.gob.es\\\/wp-content\\\/uploads\\\/2022\\\/05\\\/03.png\",\"width\":674,\"height\":193,\"caption\":\"Joven Orquesta Nacional de Espa\u00f1a\"},\"image\":{\"@id\":\"https:\\\/\\\/jonde.inaem.gob.es\\\/#\\\/schema\\\/logo\\\/image\\\/\"},\"sameAs\":[\"https:\\\/\\\/www.facebook.com\\\/jovenorquestanacionaldeespana\"]}]}<\/script>\n<!-- \/ Yoast SEO plugin. -->","yoast_head_json":{"title":"International Program - Jonde","robots":{"index":"index","follow":"follow","max-snippet":"max-snippet:-1","max-image-preview":"max-image-preview:large","max-video-preview":"max-video-preview:-1"},"canonical":"https:\/\/jonde.inaem.gob.es\/en\/international-program\/","og_locale":"en_US","og_type":"article","og_title":"International Program - Jonde","og_description":"Encuentro IV &#8211; (E IV\/21) Lorem ipsum dolor sit amet, [&hellip;]","og_url":"https:\/\/jonde.inaem.gob.es\/en\/international-program\/","og_site_name":"Jonde","article_publisher":"https:\/\/www.facebook.com\/jovenorquestanacionaldeespana","article_modified_time":"2022-11-15T19:12:14+00:00","og_image":[{"url":"https:\/\/jonde.inaem.gob.es\/wp-content\/uploads\/2022\/05\/concert-3-1438826.jpg","type":"","width":"","height":""}],"twitter_card":"summary_large_image","twitter_misc":{"Est. reading time":"3 minutes"},"schema":{"@context":"https:\/\/schema.org","@graph":[{"@type":"WebPage","@id":"https:\/\/jonde.inaem.gob.es\/en\/international-program\/","url":"https:\/\/jonde.inaem.gob.es\/en\/international-program\/","name":"International Program - Jonde","isPartOf":{"@id":"https:\/\/jonde.inaem.gob.es\/#website"},"primaryImageOfPage":{"@id":"https:\/\/jonde.inaem.gob.es\/en\/international-program\/#primaryimage"},"image":{"@id":"https:\/\/jonde.inaem.gob.es\/en\/international-program\/#primaryimage"},"thumbnailUrl":"https:\/\/jonde.inaem.gob.es\/wp-content\/uploads\/2022\/05\/concert-3-1438826.jpg","datePublished":"2022-11-07T09:14:28+00:00","dateModified":"2022-11-15T19:12:14+00:00","breadcrumb":{"@id":"https:\/\/jonde.inaem.gob.es\/en\/international-program\/#breadcrumb"},"inLanguage":"en-US","potentialAction":[{"@type":"ReadAction","target":["https:\/\/jonde.inaem.gob.es\/en\/international-program\/"]}]},{"@type":"ImageObject","inLanguage":"en-US","@id":"https:\/\/jonde.inaem.gob.es\/en\/international-program\/#primaryimage","url":"https:\/\/jonde.inaem.gob.es\/wp-content\/uploads\/2022\/05\/concert-3-1438826.jpg","contentUrl":"https:\/\/jonde.inaem.gob.es\/wp-content\/uploads\/2022\/05\/concert-3-1438826.jpg"},{"@type":"BreadcrumbList","@id":"https:\/\/jonde.inaem.gob.es\/en\/international-program\/#breadcrumb","itemListElement":[{"@type":"ListItem","position":1,"name":"Home","item":"https:\/\/jonde.inaem.gob.es\/en\/"},{"@type":"ListItem","position":2,"name":"International Program"}]},{"@type":"WebSite","@id":"https:\/\/jonde.inaem.gob.es\/#website","url":"https:\/\/jonde.inaem.gob.es\/","name":"JONDE","description":"Joven Orquesta Nacional de Espa\u00f1a","publisher":{"@id":"https:\/\/jonde.inaem.gob.es\/#organization"},"potentialAction":[{"@type":"SearchAction","target":{"@type":"EntryPoint","urlTemplate":"https:\/\/jonde.inaem.gob.es\/?s={search_term_string}"},"query-input":{"@type":"PropertyValueSpecification","valueRequired":true,"valueName":"search_term_string"}}],"inLanguage":"en-US"},{"@type":"Organization","@id":"https:\/\/jonde.inaem.gob.es\/#organization","name":"Joven Orquesta Nacional de Espa\u00f1a","url":"https:\/\/jonde.inaem.gob.es\/","logo":{"@type":"ImageObject","inLanguage":"en-US","@id":"https:\/\/jonde.inaem.gob.es\/#\/schema\/logo\/image\/","url":"https:\/\/jonde.inaem.gob.es\/wp-content\/uploads\/2022\/05\/03.png","contentUrl":"https:\/\/jonde.inaem.gob.es\/wp-content\/uploads\/2022\/05\/03.png","width":674,"height":193,"caption":"Joven Orquesta Nacional de Espa\u00f1a"},"image":{"@id":"https:\/\/jonde.inaem.gob.es\/#\/schema\/logo\/image\/"},"sameAs":["https:\/\/www.facebook.com\/jovenorquestanacionaldeespana"]}]}},"_links":{"self":[{"href":"https:\/\/jonde.inaem.gob.es\/en\/wp-json\/wp\/v2\/pages\/9597","targetHints":{"allow":["GET"]}}],"collection":[{"href":"https:\/\/jonde.inaem.gob.es\/en\/wp-json\/wp\/v2\/pages"}],"about":[{"href":"https:\/\/jonde.inaem.gob.es\/en\/wp-json\/wp\/v2\/types\/page"}],"author":[{"embeddable":true,"href":"https:\/\/jonde.inaem.gob.es\/en\/wp-json\/wp\/v2\/users\/1"}],"replies":[{"embeddable":true,"href":"https:\/\/jonde.inaem.gob.es\/en\/wp-json\/wp\/v2\/comments?post=9597"}],"version-history":[{"count":1,"href":"https:\/\/jonde.inaem.gob.es\/en\/wp-json\/wp\/v2\/pages\/9597\/revisions"}],"predecessor-version":[{"id":9598,"href":"https:\/\/jonde.inaem.gob.es\/en\/wp-json\/wp\/v2\/pages\/9597\/revisions\/9598"}],"wp:attachment":[{"href":"https:\/\/jonde.inaem.gob.es\/en\/wp-json\/wp\/v2\/media?parent=9597"}],"curies":[{"name":"wp","href":"https:\/\/api.w.org\/{rel}","templated":true}]}}